{"id":11313,"date":"2020-06-27T09:51:52","date_gmt":"2020-06-27T09:51:52","guid":{"rendered":"https:\/\/www.ayzektextile.com\/?post_type=product&#038;p=11313"},"modified":"2023-04-17T19:10:39","modified_gmt":"2023-04-17T19:10:39","slug":"greek-peshtemal","status":"publish","type":"product","link":"https:\/\/www.ayzektextile.com\/tr\/urun\/greek-peshtemal\/","title":{"rendered":"Greek Peshtemal"},"content":{"rendered":"<p><strong>\u00dcR\u00dcN A\u00c7IKLAMASI<\/strong><\/p>\n<ul>\n<li>G\u00fcnl\u00fck kullan\u0131m i\u00e7in s\u00fcper yumu\u015fak ve emici T\u00fcrk Havlusu. Bu havlular, hafiflikleri sayesinde seyahat, yelken, kamp, karavanc\u0131l\u0131k ve a\u00e7\u0131k havadaki her \u015fey i\u00e7in m\u00fckemmeldir.<\/li>\n<li>Kendiniz veya \u00e7ocuklar seyahat halindeyken mini battaniye ya da \u015fal olarak veya  bir \u00f6rt\u00fc olarak rahatl\u0131kla kullanabilirsiniz.<\/li>\n<li>Dokuma tekni\u011fi sayesinde y\u0131kamada elektrik ve su faturalar\u0131ndan tasarruf etmenizi sa\u011flar. Fevkalade \u00e7abuk kuruyan havlulard\u0131r. Her y\u0131kamadan sonra pe\u015ftemalleri g\u00fczel, kuru, daha yumu\u015fak ve daha emici bulursunuz.<\/li>\n<li>Aktif ve pratik ya\u015fam i\u00e7in modern d\u00fcnyan\u0131n taleplerini hafifletmek i\u00e7in idealdir.<\/li>\n<li>Tamamen farkl\u0131 ve son derece etkili bir kurutma i\u00e7in kentsel i\u015flevselli\u011fi ve \u015f\u0131k konforu tercih eden aktif ruhlar i\u00e7in e\u015fsiz bir hediyedir.<\/li>\n<li>Traditionally, peshtemals are made for use in the most humid Turkish baths and have ideal durability properties for humid conditions. Turkish peshtemals have proven its moisture-holding, fast-drying, and durability properties with centuries of experience.<\/li>\n<\/ul>\n<p><strong><em>Her bir pe\u015ftemalin benzersiz \u00fcretim s\u00fcreci nedeniyle, belirtilen boyuttan k\u00fc\u00e7\u00fck farkl\u0131l\u0131klar olabilece\u011fini l\u00fctfen unutmay\u0131n.<\/em><\/strong><\/p>","protected":false},"excerpt":{"rendered":"<ul>\n<li>Product Dimensions\u00a0 : 80&#215;170 Cm &#8211; (31&#215;67 Inches)<\/li>\n<li><span style=\"vertical-align: inherit;\">Item Weight\u00a0 \u00a0 \u00a0 \u00a0 \u00a0 \u00a0 \u00a0 \u00a0 : 290 Gr\/m\u00b2 &#8211; (290 Gsm)<\/span><\/li>\n<li><span style=\"vertical-align: inherit;\">Item Yarn Material\u00a0 \u00a0 : 100% Cotton<\/span><\/li>\n<li>In one package\u00a0 \u00a0 \u00a0 \u00a0 \u00a0 \u00a0 : 1 Piece Peshtemal Towel<\/li>\n<li><span style=\"vertical-align: inherit;\">Item Total Weight\u00a0 \u00a0 \u00a0 : 390 Grams &#8211; (13.76 oz)<\/span><\/li>\n<li>Terry Back\u00a0 \u00a0 \u00a0 \u00a0 \u00a0 \u00a0 \u00a0 \u00a0 \u00a0 \u00a0: No<\/li>\n<\/ul>\n<p>This design is available for on demand production. Please place your order here: <a href=\"https:\/\/www.ayzektextile.com\/peshtemal-production\/\">Online Peshtemal Quote Form<\/a><\/p>","protected":false},"featured_media":12302,"comment_status":"open","ping_status":"closed","template":"","meta":{"om_disable_all_campaigns":false,"_monsterinsights_skip_tracking":false,"_monsterinsights_sitenote_active":false,"_monsterinsights_sitenote_note":"","_monsterinsights_sitenote_category":0},"product_brand":[],"product_cat":[240,247,237],"product_tag":[],"class_list":{"0":"post-11313","1":"product","2":"type-product","3":"status-publish","4":"has-post-thumbnail","6":"product_cat-jacquard","7":"product_cat-on-production","8":"product_cat-peshtemal","9":"pa_size-80-170-cm","11":"first","12":"onbackorder","13":"sale","14":"taxable","15":"shipping-taxable","16":"purchasable","17":"product-type-variable","18":"has-default-attributes"},"aioseo_notices":[],"_links":{"self":[{"href":"https:\/\/www.ayzektextile.com\/tr\/wp-json\/wp\/v2\/product\/11313","targetHints":{"allow":["GET"]}}],"collection":[{"href":"https:\/\/www.ayzektextile.com\/tr\/wp-json\/wp\/v2\/product"}],"about":[{"href":"https:\/\/www.ayzektextile.com\/tr\/wp-json\/wp\/v2\/types\/product"}],"replies":[{"embeddable":true,"href":"https:\/\/www.ayzektextile.com\/tr\/wp-json\/wp\/v2\/comments?post=11313"}],"wp:featuredmedia":[{"embeddable":true,"href":"https:\/\/www.ayzektextile.com\/tr\/wp-json\/wp\/v2\/media\/12302"}],"wp:attachment":[{"href":"https:\/\/www.ayzektextile.com\/tr\/wp-json\/wp\/v2\/media?parent=11313"}],"wp:term":[{"taxonomy":"product_brand","embeddable":true,"href":"https:\/\/www.ayzektextile.com\/tr\/wp-json\/wp\/v2\/product_brand?post=11313"},{"taxonomy":"product_cat","embeddable":true,"href":"https:\/\/www.ayzektextile.com\/tr\/wp-json\/wp\/v2\/product_cat?post=11313"},{"taxonomy":"product_tag","embeddable":true,"href":"https:\/\/www.ayzektextile.com\/tr\/wp-json\/wp\/v2\/product_tag?post=11313"}],"curies":[{"name":"wp","href":"https:\/\/api.w.org\/{rel}","templated":true}]}}