{"id":7038,"date":"2020-01-22T14:03:02","date_gmt":"2020-01-22T14:03:02","guid":{"rendered":"https:\/\/www.ayzektextile.com\/?post_type=product&#038;p=7038"},"modified":"2025-08-28T09:51:08","modified_gmt":"2025-08-28T09:51:08","slug":"sultan-peshtemal","status":"publish","type":"product","link":"https:\/\/www.ayzektextile.com\/tr\/urun\/sultan-peshtemal\/","title":{"rendered":"Sultan Peshtemal"},"content":{"rendered":"<h1>PESHTEMAL PRODUCT DESCRIPTION<\/h1>\n<ul>\n<li>Super soft and absorbent Turkish Towel, Turkish Towel for everyday usage. These towels are superb for traveling, sailing, camping &amp; caravanning, and anything outdoors thanks to their lightness.<\/li>\n<li>Kendiniz veya \u00e7ocuklar seyahat halindeyken mini battaniye ya da \u015fal olarak veya  bir \u00f6rt\u00fc olarak rahatl\u0131kla kullanabilirsiniz.<\/li>\n<li>Dokuma tekni\u011fi sayesinde y\u0131kamada elektrik ve su faturalar\u0131ndan tasarruf etmenizi sa\u011flar. Fevkalade \u00e7abuk kuruyan havlulard\u0131r. Her y\u0131kamadan sonra pe\u015ftemalleri g\u00fczel, kuru, daha yumu\u015fak ve daha emici bulursunuz.<\/li>\n<li>Aktif ve pratik ya\u015fam i\u00e7in modern d\u00fcnyan\u0131n taleplerini hafifletmek i\u00e7in idealdir.<\/li>\n<li>Tamamen farkl\u0131 ve son derece etkili bir kurutma i\u00e7in kentsel i\u015flevselli\u011fi ve \u015f\u0131k konforu tercih eden aktif ruhlar i\u00e7in e\u015fsiz bir hediyedir.<\/li>\n<li>Traditionally, Turkish Towels are made for use in the most humid Turkish baths and have ideal durability properties for humid conditions. Turkish Towels have proven its moisture-holding, fast-drying, and durability properties with centuries of experience.<\/li>\n<\/ul>\n<p><strong><em>Her bir pe\u015ftemalin benzersiz \u00fcretim s\u00fcreci nedeniyle, belirtilen boyuttan k\u00fc\u00e7\u00fck farkl\u0131l\u0131klar olabilece\u011fini l\u00fctfen unutmay\u0131n.<\/em><\/strong><\/p>\n<h2 style=\"text-align: center;\"><a href=\"https:\/\/www.youtube.com\/shorts\/Q38ncg0sWKo\">TURKISH TOWEL<\/a><\/h2>\n<p class=\"p1\">PESHTEMAL feels super soft. Woven from Oeko-Tex\u00ae 100 Standard certified Turkish cotton. Extremely absorbent and fast-drying, ethically sourced and epically esthetic.<\/p>\n<h3 class=\"p2\"><b>PESHTEMAL FEATURES:<\/b><\/h3>\n<ul>\n<li>Dries quickly<\/li>\n<li>100% cotton<\/li>\n<li>Absorbent<\/li>\n<li>Lightweight cotton<\/li>\n<li>Compact for travel or outdoor activities<span class=\"Apple-converted-space\">\u00a0<\/span><\/li>\n<li>Natural fibers<\/li>\n<li>Versatile<\/li>\n<\/ul>\n<h3 class=\"p1\"><b>PESHTEMAL USAGE<\/b><\/h3>\n<p class=\"p1\">Bath towel, beach towel, blanket, travel towel, beach cover-up, yoga class towel&#8230; the list is long so you can use it wherever you want.<\/p>\n<h4 class=\"p2\"><b>PESHTEMAL DETAILS<\/b><\/h4>\n<p class=\"p2\">Striped bath towels woven 100% long-fiber Turkish cotton<span class=\"Apple-converted-space\">\u00a0<\/span><\/p>\n<p class=\"p1\">Size 40&#8243; x 70&#8243;<\/p>\n<h3 class=\"p2\"><b>PRODUCT CARE<\/b><\/h3>\n<p class=\"p2\">Machine wash warm on gentle cycle. Tumble dry low, removing promptly or air dry. Turkish Towel Collection towels get softer with use, while keeping their absorbency.<\/p>\n<p class=\"p1\">Peshtemal Collection towels get better with use. Peshtemal Collection towels get better with use. For this reason, it is highly preferred.<\/p>\n<p><a href=\"https:\/\/www.ayzektextile.com\/urun\/sultan-peshtemal\/\">Retail<\/a><\/p>\n<p><a href=\"https:\/\/www.adamayzek.com\/\">Wholesale<\/a><\/p>\n<pre><\/pre>\n<pre><code><\/code><\/pre>","protected":false},"excerpt":{"rendered":"<ul>\n<li>Product Dimensions\u00a0 : 90&#215;170 Cm &#8211; (35&#215;67 Inches)<\/li>\n<li><span style=\"vertical-align: inherit;\">Item Weight\u00a0 \u00a0 \u00a0 \u00a0 \u00a0 \u00a0 \u00a0 \u00a0 : 170 Gr\/m\u00b2 &#8211; (170 Gsm)<\/span><\/li>\n<li><span style=\"vertical-align: inherit;\">Item Yarn Material\u00a0 \u00a0 : 100% Cotton<\/span><\/li>\n<li>In one package\u00a0 \u00a0 \u00a0 \u00a0 \u00a0 \u00a0 : 1 Piece Peshtemal Towel<\/li>\n<li><span style=\"vertical-align: inherit;\">Item Total Weight\u00a0 \u00a0 \u00a0 : 260 Grams &#8211; (9.17 oz)<\/span><\/li>\n<li>Terry Back\u00a0 \u00a0 \u00a0 \u00a0 \u00a0 \u00a0 \u00a0 \u00a0 \u00a0 \u00a0: No<\/li>\n<\/ul>","protected":false},"featured_media":15136,"comment_status":"open","ping_status":"closed","template":"","meta":{"om_disable_all_campaigns":false,"_monsterinsights_skip_tracking":false,"_monsterinsights_sitenote_active":false,"_monsterinsights_sitenote_note":"","_monsterinsights_sitenote_category":0},"product_brand":[],"product_cat":[241,237],"product_tag":[],"class_list":{"0":"post-7038","1":"product","2":"type-product","3":"status-publish","4":"has-post-thumbnail","6":"product_cat-dobby-peshtemal","7":"product_cat-peshtemal","8":"pa_size-90-170-cm","10":"first","11":"instock","12":"taxable","13":"shipping-taxable","14":"purchasable","15":"product-type-variable"},"aioseo_notices":[],"_links":{"self":[{"href":"https:\/\/www.ayzektextile.com\/tr\/wp-json\/wp\/v2\/product\/7038","targetHints":{"allow":["GET"]}}],"collection":[{"href":"https:\/\/www.ayzektextile.com\/tr\/wp-json\/wp\/v2\/product"}],"about":[{"href":"https:\/\/www.ayzektextile.com\/tr\/wp-json\/wp\/v2\/types\/product"}],"replies":[{"embeddable":true,"href":"https:\/\/www.ayzektextile.com\/tr\/wp-json\/wp\/v2\/comments?post=7038"}],"wp:featuredmedia":[{"embeddable":true,"href":"https:\/\/www.ayzektextile.com\/tr\/wp-json\/wp\/v2\/media\/15136"}],"wp:attachment":[{"href":"https:\/\/www.ayzektextile.com\/tr\/wp-json\/wp\/v2\/media?parent=7038"}],"wp:term":[{"taxonomy":"product_brand","embeddable":true,"href":"https:\/\/www.ayzektextile.com\/tr\/wp-json\/wp\/v2\/product_brand?post=7038"},{"taxonomy":"product_cat","embeddable":true,"href":"https:\/\/www.ayzektextile.com\/tr\/wp-json\/wp\/v2\/product_cat?post=7038"},{"taxonomy":"product_tag","embeddable":true,"href":"https:\/\/www.ayzektextile.com\/tr\/wp-json\/wp\/v2\/product_tag?post=7038"}],"curies":[{"name":"wp","href":"https:\/\/api.w.org\/{rel}","templated":true}]}}